{"id":31545,"date":"2020-04-22T20:40:43","date_gmt":"2020-04-22T18:40:43","guid":{"rendered":"https:\/\/s2a-photos.fr\/?page_id=31545"},"modified":"2023-03-13T13:16:03","modified_gmt":"2023-03-13T12:16:03","slug":"entreprise","status":"publish","type":"page","link":"https:\/\/s2a-photos.fr\/index.php\/entreprise\/","title":{"rendered":"Entreprise"},"content":{"rendered":"","protected":false},"excerpt":{"rendered":"","protected":false},"author":3,"featured_media":0,"parent":0,"menu_order":0,"comment_status":"closed","ping_status":"closed","template":"","meta":{"_et_pb_use_builder":"on","_et_pb_old_content":"","_et_gb_content_width":"","footnotes":""},"folder":[],"class_list":["post-31545","page","type-page","status-publish","hentry"],"yoast_head":"<!-- This site is optimized with the Yoast SEO plugin v27.4 - https:\/\/yoast.com\/product\/yoast-seo-wordpress\/ -->\n<title>Entreprise | S2a-photos.fr<\/title>\n<meta name=\"description\" content=\"Votre photographe et bien plus ! photos de mariage, grossesse, corporate, entreprise et bien plus\" \/>\n<meta name=\"robots\" content=\"index, follow, max-snippet:-1, max-image-preview:large, max-video-preview:-1\" \/>\n<link rel=\"canonical\" href=\"https:\/\/s2a-photos.fr\/index.php\/entreprise\/\" \/>\n<meta property=\"og:locale\" content=\"fr_FR\" \/>\n<meta property=\"og:type\" content=\"article\" \/>\n<meta property=\"og:title\" content=\"Photographe et t\u00e9l\u00e9pilote | photos d&#039;entreprise | portrait | image a\u00e9rienne\" \/>\n<meta property=\"og:description\" content=\"Votre entreprise d\u00e9sire r\u00e9aliser des prises de vues de ses projets, mettre \u00e0 jour sa banque d&#039;images pour sa communication interne ou externe ou encore refaire son trombinoscope, nous sommes \u00e0 votre disposition\" \/>\n<meta property=\"og:url\" content=\"https:\/\/s2a-photos.fr\/index.php\/entreprise\/\" \/>\n<meta property=\"og:site_name\" content=\"S2a-photos.fr\" \/>\n<meta property=\"article:publisher\" content=\"https:\/\/www.facebook.com\/S2aphoto\/\" \/>\n<meta property=\"article:modified_time\" content=\"2023-03-13T12:16:03+00:00\" \/>\n<meta property=\"og:image\" content=\"https:\/\/s2a-photos.fr\/wp-content\/uploads\/2020\/05\/s2a-photos-corporate-57-sur-73.jpg\" \/>\n\t<meta property=\"og:image:width\" content=\"750\" \/>\n\t<meta property=\"og:image:height\" content=\"500\" \/>\n\t<meta property=\"og:image:type\" content=\"image\/jpeg\" \/>\n<meta name=\"twitter:card\" content=\"summary_large_image\" \/>\n<meta name=\"twitter:site\" content=\"@S2aPhotos\" \/>\n<script type=\"application\/ld+json\" class=\"yoast-schema-graph\">{\"@context\":\"https:\\\/\\\/schema.org\",\"@graph\":[{\"@type\":\"WebPage\",\"@id\":\"https:\\\/\\\/s2a-photos.fr\\\/index.php\\\/entreprise\\\/\",\"url\":\"https:\\\/\\\/s2a-photos.fr\\\/index.php\\\/entreprise\\\/\",\"name\":\"Entreprise | S2a-photos.fr\",\"isPartOf\":{\"@id\":\"https:\\\/\\\/s2a-photos.fr\\\/#website\"},\"datePublished\":\"2020-04-22T18:40:43+00:00\",\"dateModified\":\"2023-03-13T12:16:03+00:00\",\"description\":\"Votre photographe et bien plus ! photos de mariage, grossesse, corporate, entreprise et bien plus\",\"breadcrumb\":{\"@id\":\"https:\\\/\\\/s2a-photos.fr\\\/index.php\\\/entreprise\\\/#breadcrumb\"},\"inLanguage\":\"fr-FR\",\"potentialAction\":[{\"@type\":\"ReadAction\",\"target\":[\"https:\\\/\\\/s2a-photos.fr\\\/index.php\\\/entreprise\\\/\"]}]},{\"@type\":\"BreadcrumbList\",\"@id\":\"https:\\\/\\\/s2a-photos.fr\\\/index.php\\\/entreprise\\\/#breadcrumb\",\"itemListElement\":[{\"@type\":\"ListItem\",\"position\":1,\"name\":\"Accueil\",\"item\":\"https:\\\/\\\/s2a-photos.fr\\\/\"},{\"@type\":\"ListItem\",\"position\":2,\"name\":\"Entreprise\"}]},{\"@type\":\"WebSite\",\"@id\":\"https:\\\/\\\/s2a-photos.fr\\\/#website\",\"url\":\"https:\\\/\\\/s2a-photos.fr\\\/\",\"name\":\"S2a-photos.fr\",\"description\":\"votre photographe et bien plus !\",\"publisher\":{\"@id\":\"https:\\\/\\\/s2a-photos.fr\\\/#organization\"},\"alternateName\":\"s2aphotos\",\"potentialAction\":[{\"@type\":\"SearchAction\",\"target\":{\"@type\":\"EntryPoint\",\"urlTemplate\":\"https:\\\/\\\/s2a-photos.fr\\\/?s={search_term_string}\"},\"query-input\":{\"@type\":\"PropertyValueSpecification\",\"valueRequired\":true,\"valueName\":\"search_term_string\"}}],\"inLanguage\":\"fr-FR\"},{\"@type\":\"Organization\",\"@id\":\"https:\\\/\\\/s2a-photos.fr\\\/#organization\",\"name\":\"s2a-photos.fr\",\"alternateName\":\"sebastien sechinffon\",\"url\":\"https:\\\/\\\/s2a-photos.fr\\\/\",\"logo\":{\"@type\":\"ImageObject\",\"inLanguage\":\"fr-FR\",\"@id\":\"https:\\\/\\\/s2a-photos.fr\\\/#\\\/schema\\\/logo\\\/image\\\/\",\"url\":\"https:\\\/\\\/s2a-photos.fr\\\/wp-content\\\/uploads\\\/2020\\\/06\\\/S2a-photos-Noir-fond-blanc-carr\u00e9.png\",\"contentUrl\":\"https:\\\/\\\/s2a-photos.fr\\\/wp-content\\\/uploads\\\/2020\\\/06\\\/S2a-photos-Noir-fond-blanc-carr\u00e9.png\",\"width\":1240,\"height\":1240,\"caption\":\"s2a-photos.fr\"},\"image\":{\"@id\":\"https:\\\/\\\/s2a-photos.fr\\\/#\\\/schema\\\/logo\\\/image\\\/\"},\"sameAs\":[\"https:\\\/\\\/www.facebook.com\\\/S2aphoto\\\/\",\"https:\\\/\\\/x.com\\\/S2aPhotos\",\"https:\\\/\\\/www.instagram.com\\\/s2a_photos\\\/\",\"https:\\\/\\\/www.linkedin.com\\\/company\\\/s2a-photos\\\/\",\"https:\\\/\\\/www.pinterest.fr\\\/S2aphotos\",\"https:\\\/\\\/www.youtube.com\\\/channel\\\/UC_Oqi-Vvln3XzZWCcEPTbYg\"]}]}<\/script>\n<!-- \/ Yoast SEO plugin. -->","yoast_head_json":{"title":"Entreprise | S2a-photos.fr","description":"Votre photographe et bien plus ! photos de mariage, grossesse, corporate, entreprise et bien plus","robots":{"index":"index","follow":"follow","max-snippet":"max-snippet:-1","max-image-preview":"max-image-preview:large","max-video-preview":"max-video-preview:-1"},"canonical":"https:\/\/s2a-photos.fr\/index.php\/entreprise\/","og_locale":"fr_FR","og_type":"article","og_title":"Photographe et t\u00e9l\u00e9pilote | photos d'entreprise | portrait | image a\u00e9rienne","og_description":"Votre entreprise d\u00e9sire r\u00e9aliser des prises de vues de ses projets, mettre \u00e0 jour sa banque d'images pour sa communication interne ou externe ou encore refaire son trombinoscope, nous sommes \u00e0 votre disposition","og_url":"https:\/\/s2a-photos.fr\/index.php\/entreprise\/","og_site_name":"S2a-photos.fr","article_publisher":"https:\/\/www.facebook.com\/S2aphoto\/","article_modified_time":"2023-03-13T12:16:03+00:00","og_image":[{"width":750,"height":500,"url":"https:\/\/s2a-photos.fr\/wp-content\/uploads\/2020\/05\/s2a-photos-corporate-57-sur-73.jpg","type":"image\/jpeg"}],"twitter_card":"summary_large_image","twitter_site":"@S2aPhotos","schema":{"@context":"https:\/\/schema.org","@graph":[{"@type":"WebPage","@id":"https:\/\/s2a-photos.fr\/index.php\/entreprise\/","url":"https:\/\/s2a-photos.fr\/index.php\/entreprise\/","name":"Entreprise | S2a-photos.fr","isPartOf":{"@id":"https:\/\/s2a-photos.fr\/#website"},"datePublished":"2020-04-22T18:40:43+00:00","dateModified":"2023-03-13T12:16:03+00:00","description":"Votre photographe et bien plus ! photos de mariage, grossesse, corporate, entreprise et bien plus","breadcrumb":{"@id":"https:\/\/s2a-photos.fr\/index.php\/entreprise\/#breadcrumb"},"inLanguage":"fr-FR","potentialAction":[{"@type":"ReadAction","target":["https:\/\/s2a-photos.fr\/index.php\/entreprise\/"]}]},{"@type":"BreadcrumbList","@id":"https:\/\/s2a-photos.fr\/index.php\/entreprise\/#breadcrumb","itemListElement":[{"@type":"ListItem","position":1,"name":"Accueil","item":"https:\/\/s2a-photos.fr\/"},{"@type":"ListItem","position":2,"name":"Entreprise"}]},{"@type":"WebSite","@id":"https:\/\/s2a-photos.fr\/#website","url":"https:\/\/s2a-photos.fr\/","name":"S2a-photos.fr","description":"votre photographe et bien plus !","publisher":{"@id":"https:\/\/s2a-photos.fr\/#organization"},"alternateName":"s2aphotos","potentialAction":[{"@type":"SearchAction","target":{"@type":"EntryPoint","urlTemplate":"https:\/\/s2a-photos.fr\/?s={search_term_string}"},"query-input":{"@type":"PropertyValueSpecification","valueRequired":true,"valueName":"search_term_string"}}],"inLanguage":"fr-FR"},{"@type":"Organization","@id":"https:\/\/s2a-photos.fr\/#organization","name":"s2a-photos.fr","alternateName":"sebastien sechinffon","url":"https:\/\/s2a-photos.fr\/","logo":{"@type":"ImageObject","inLanguage":"fr-FR","@id":"https:\/\/s2a-photos.fr\/#\/schema\/logo\/image\/","url":"https:\/\/s2a-photos.fr\/wp-content\/uploads\/2020\/06\/S2a-photos-Noir-fond-blanc-carr\u00e9.png","contentUrl":"https:\/\/s2a-photos.fr\/wp-content\/uploads\/2020\/06\/S2a-photos-Noir-fond-blanc-carr\u00e9.png","width":1240,"height":1240,"caption":"s2a-photos.fr"},"image":{"@id":"https:\/\/s2a-photos.fr\/#\/schema\/logo\/image\/"},"sameAs":["https:\/\/www.facebook.com\/S2aphoto\/","https:\/\/x.com\/S2aPhotos","https:\/\/www.instagram.com\/s2a_photos\/","https:\/\/www.linkedin.com\/company\/s2a-photos\/","https:\/\/www.pinterest.fr\/S2aphotos","https:\/\/www.youtube.com\/channel\/UC_Oqi-Vvln3XzZWCcEPTbYg"]}]}},"_links":{"self":[{"href":"https:\/\/s2a-photos.fr\/index.php\/wp-json\/wp\/v2\/pages\/31545","targetHints":{"allow":["GET"]}}],"collection":[{"href":"https:\/\/s2a-photos.fr\/index.php\/wp-json\/wp\/v2\/pages"}],"about":[{"href":"https:\/\/s2a-photos.fr\/index.php\/wp-json\/wp\/v2\/types\/page"}],"author":[{"embeddable":true,"href":"https:\/\/s2a-photos.fr\/index.php\/wp-json\/wp\/v2\/users\/3"}],"replies":[{"embeddable":true,"href":"https:\/\/s2a-photos.fr\/index.php\/wp-json\/wp\/v2\/comments?post=31545"}],"version-history":[{"count":1,"href":"https:\/\/s2a-photos.fr\/index.php\/wp-json\/wp\/v2\/pages\/31545\/revisions"}],"predecessor-version":[{"id":980632,"href":"https:\/\/s2a-photos.fr\/index.php\/wp-json\/wp\/v2\/pages\/31545\/revisions\/980632"}],"wp:attachment":[{"href":"https:\/\/s2a-photos.fr\/index.php\/wp-json\/wp\/v2\/media?parent=31545"}],"wp:term":[{"taxonomy":"folder","embeddable":true,"href":"https:\/\/s2a-photos.fr\/index.php\/wp-json\/wp\/v2\/folder?post=31545"}],"curies":[{"name":"wp","href":"https:\/\/api.w.org\/{rel}","templated":true}]}}